{"id":45,"date":"2018-07-25T16:59:14","date_gmt":"2018-07-25T13:59:14","guid":{"rendered":"https:\/\/www.envapeyzaj.com\/en\/?page_id=45"},"modified":"2022-04-30T11:44:06","modified_gmt":"2022-04-30T08:44:06","slug":"contact","status":"publish","type":"page","link":"https:\/\/www.envapeyzaj.com\/en\/contact\/","title":{"rendered":"Contact"},"content":{"rendered":"\n<div class=\"wpcf7 no-js\" id=\"wpcf7-f207-o1\" lang=\"tr-TR\" dir=\"ltr\" data-wpcf7-id=\"207\">\n<div class=\"screen-reader-response\"><p role=\"status\" aria-live=\"polite\" aria-atomic=\"true\"><\/p> <ul><\/ul><\/div>\n<form action=\"\/en\/wp-json\/wp\/v2\/pages\/45#wpcf7-f207-o1\" method=\"post\" class=\"wpcf7-form init\" aria-label=\"\u0130leti\u015fim Formu\" novalidate=\"novalidate\" data-status=\"init\">\n<fieldset class=\"hidden-fields-container\"><input type=\"hidden\" name=\"_wpcf7\" value=\"207\" \/><input type=\"hidden\" name=\"_wpcf7_version\" value=\"6.1.6\" \/><input type=\"hidden\" name=\"_wpcf7_locale\" value=\"tr_TR\" \/><input type=\"hidden\" name=\"_wpcf7_unit_tag\" value=\"wpcf7-f207-o1\" \/><input type=\"hidden\" name=\"_wpcf7_container_post\" value=\"0\" \/><input type=\"hidden\" name=\"_wpcf7_posted_data_hash\" value=\"\" \/>\n<\/fieldset>\n<div class=\"col-lg-4\">\n\t<p><span class=\"wpcf7-form-control-wrap\" data-name=\"adsoyad\"><input size=\"40\" maxlength=\"400\" class=\"wpcf7-form-control wpcf7-text wpcf7-validates-as-required\" aria-required=\"true\" aria-invalid=\"false\" placeholder=\"Ad\u0131n\u0131z Soyad\u0131n\u0131z\" value=\"\" type=\"text\" name=\"adsoyad\" \/><\/span>\n\t<\/p>\n<\/div>\n<div class=\"col-lg-4\">\n\t<p><span class=\"wpcf7-form-control-wrap\" data-name=\"telefon\"><input size=\"40\" maxlength=\"400\" class=\"wpcf7-form-control wpcf7-text wpcf7-validates-as-required\" aria-required=\"true\" aria-invalid=\"false\" placeholder=\"Telefon Numaran\u0131z\" value=\"\" type=\"text\" name=\"telefon\" \/><\/span>\n\t<\/p>\n<\/div>\n<div class=\"col-lg-4\">\n\t<p><span class=\"wpcf7-form-control-wrap\" data-name=\"eposta\"><input size=\"40\" maxlength=\"400\" class=\"wpcf7-form-control wpcf7-email wpcf7-validates-as-required wpcf7-text wpcf7-validates-as-email\" aria-required=\"true\" aria-invalid=\"false\" placeholder=\"E posta Adresiniz\" value=\"\" type=\"email\" name=\"eposta\" \/><\/span>\n\t<\/p>\n<\/div>\n<div class=\"col-lg-12\">\n\t<p><span class=\"wpcf7-form-control-wrap\" data-name=\"mesaj\"><textarea cols=\"40\" rows=\"10\" maxlength=\"2000\" class=\"wpcf7-form-control wpcf7-textarea wpcf7-validates-as-required\" aria-required=\"true\" aria-invalid=\"false\" placeholder=\"Mesaj\u0131n\u0131z\" name=\"mesaj\"><\/textarea><\/span>\n\t<\/p>\n<\/div>\n<div class=\"col-lg-12\">\n\t<p><input class=\"wpcf7-form-control wpcf7-submit has-spinner\" type=\"submit\" value=\"G\u00d6NDER\" \/>\n\t<\/p>\n<\/div><div class=\"wpcf7-response-output\" aria-hidden=\"true\"><\/div>\n<\/form>\n<\/div>\n\n","protected":false},"excerpt":{"rendered":"","protected":false},"author":2,"featured_media":0,"parent":0,"menu_order":0,"comment_status":"closed","ping_status":"closed","template":"page.iletisim.php","meta":{"footnotes":""},"class_list":["post-45","page","type-page","status-publish","hentry"],"_links":{"self":[{"href":"https:\/\/www.envapeyzaj.com\/en\/wp-json\/wp\/v2\/pages\/45","targetHints":{"allow":["GET"]}}],"collection":[{"href":"https:\/\/www.envapeyzaj.com\/en\/wp-json\/wp\/v2\/pages"}],"about":[{"href":"https:\/\/www.envapeyzaj.com\/en\/wp-json\/wp\/v2\/types\/page"}],"author":[{"embeddable":true,"href":"https:\/\/www.envapeyzaj.com\/en\/wp-json\/wp\/v2\/users\/2"}],"replies":[{"embeddable":true,"href":"https:\/\/www.envapeyzaj.com\/en\/wp-json\/wp\/v2\/comments?post=45"}],"version-history":[{"count":1,"href":"https:\/\/www.envapeyzaj.com\/en\/wp-json\/wp\/v2\/pages\/45\/revisions"}],"predecessor-version":[{"id":935,"href":"https:\/\/www.envapeyzaj.com\/en\/wp-json\/wp\/v2\/pages\/45\/revisions\/935"}],"wp:attachment":[{"href":"https:\/\/www.envapeyzaj.com\/en\/wp-json\/wp\/v2\/media?parent=45"}],"curies":[{"name":"wp","href":"https:\/\/api.w.org\/{rel}","templated":true}]}}